{"id":91,"date":"2017-03-09T20:33:12","date_gmt":"2017-03-09T18:33:12","guid":{"rendered":"http:\/\/www.street-photography.berlin\/?page_id=91"},"modified":"2025-05-31T16:55:39","modified_gmt":"2025-05-31T14:55:39","slug":"impressum","status":"publish","type":"page","link":"https:\/\/street-photography.berlin\/en\/impressum\/","title":{"rendered":"Impressum"},"content":{"rendered":"<p>[et_pb_section fb_built=&#8221;1&#8243; _builder_version=&#8221;4.16&#8243; global_colors_info=&#8221;{}&#8221;][et_pb_row _builder_version=&#8221;4.16&#8243; background_size=&#8221;initial&#8221; background_position=&#8221;top_left&#8221; background_repeat=&#8221;repeat&#8221; global_colors_info=&#8221;{}&#8221;][et_pb_column type=&#8221;4_4&#8243; _builder_version=&#8221;4.16&#8243; custom_padding=&#8221;|||&#8221; global_colors_info=&#8221;{}&#8221; custom_padding__hover=&#8221;|||&#8221;][et_pb_text _builder_version=&#8221;4.27.4&#8243; background_size=&#8221;initial&#8221; background_position=&#8221;top_left&#8221; background_repeat=&#8221;repeat&#8221; hover_enabled=&#8221;0&#8243; global_colors_info=&#8221;{}&#8221; sticky_enabled=&#8221;0&#8243;]<\/p>\n<p><span><div style=\"word-wrap: break-word;\"><h1>Impressum<\/h1>\n\n<p>Ute Herzog<br \/>\nLa &Uuml;t<br \/>\nRomikastr. 91-93<br \/>\n54317 Gusterath<\/p>\n\n<h2>Kontakt<\/h2>\n<p>Telefon: +49 (6588) 9391870<br \/>\nE-Mail: uh@street-photography.berlin<\/p>\n\n<h2>Umsatzsteuer-ID<\/h2>\n<p>Umsatzsteuer-Identifikationsnummer gem&auml;&szlig; &sect; 27 a Umsatzsteuergesetz:<br \/>\nDE269158511<\/p>\n\n<h2>Redaktionell verantwortlich<\/h2>\n<p>Ute Herzog<br \/>\r\nAnschrift wie oben<\/p>\n\n<h2>EU-Streitschlichtung<\/h2>\n<p>Die Europ&auml;ische Kommission stellt eine Plattform zur Online-Streitbeilegung (OS) bereit: <a href=\"https:\/\/ec.europa.eu\/consumers\/odr\/\" target=\"_blank\" rel=\"noopener noreferrer\">https:\/\/ec.europa.eu\/consumers\/odr\/<\/a>.<br \/> Unsere E-Mail-Adresse finden Sie oben im Impressum.<\/p>\n\n<h2>Verbraucher&shy;streit&shy;beilegung\/Universal&shy;schlichtungs&shy;stelle<\/h2>\n<p>Wir sind nicht bereit oder verpflichtet, an Streitbeilegungsverfahren vor einer Verbraucherschlichtungsstelle teilzunehmen.<\/p><\/div><\/span><\/p>\n<p>[\/et_pb_text][\/et_pb_column][\/et_pb_row][\/et_pb_section]<\/p>\n","protected":false},"excerpt":{"rendered":"<div style=\"word-wrap: break-word;\"><h1>Impressum<\/h1>\n\n<p>Ute Herzog<br \/>\nLa &Uuml;t<br \/>\nRomikastr. 91-93<br \/>\n54317 Gusterath<\/p>\n\n<h2>Kontakt<\/h2>\n<p>Telefon: +49 (6588) 9391870<br \/>\nE-Mail: uh@street-photography.berlin<\/p>\n\n<h2>Umsatzsteuer-ID<\/h2>\n<p>Umsatzsteuer-Identifikationsnummer gem&auml;&szlig; &sect; 27 a Umsatzsteuergesetz:<br \/>\nDE269158511<\/p>\n\n<h2>Redaktionell verantwortlich<\/h2>\n<p>Ute Herzog<br \/>\r\nAnschrift wie oben<\/p>\n\n<h2>EU-Streitschlichtung<\/h2>\n<p>Die Europ&auml;ische Kommission stellt eine Plattform zur Online-Streitbeilegung (OS) bereit: <a href=\"https:\/\/ec.europa.eu\/consumers\/odr\/\" target=\"_blank\" rel=\"noopener noreferrer\">https:\/\/ec.europa.eu\/consumers\/odr\/<\/a>.<br \/> Unsere E-Mail-Adresse finden Sie oben im Impressum.<\/p>\n\n<h2>Verbraucher&shy;streit&shy;beilegung\/Universal&shy;schlichtungs&shy;stelle<\/h2>\n<p>Wir sind nicht bereit oder verpflichtet, an Streitbeilegungsverfahren vor einer Verbraucherschlichtungsstelle teilzunehmen.<\/p><\/div>\n","protected":false},"author":1,"featured_media":0,"parent":0,"menu_order":0,"comment_status":"closed","ping_status":"closed","template":"","meta":{"_et_pb_use_builder":"on","_et_pb_old_content":"Ute Herzog\r\nRomikastr. 91-93\r\nD-54317 Gusterath\r\n<h4>Kontakt<\/h4>\r\nTelefon: +49\u00a06588 82 82 380\r\nE-Mail:\u00a0<a href=\"mailto:uh@street-photography.berlin\">uh@street-photography.berlin<\/a>\r\n<h5>Umsatzsteuer-ID<\/h5>\r\nUmsatzsteuer-Identifikationsnummer gem\u00e4\u00df \u00a7 27 a Umsatzsteuergesetz:\r\nDE269158511\r\n<h5>Redaktionell verantwortlich<\/h5>\r\nUte Herzog\r\ns.o.\r\n<h5>EU-Streitschlichtung<\/h5>\r\nDie Europ\u00e4ische Kommission stellt eine Plattform zur Online-Streitbeilegung (OS) bereit:\u00a0<a href=\"https:\/\/ec.europa.eu\/consumers\/odr\/\" target=\"_blank\" rel=\"noopener noreferrer\">https:\/\/ec.europa.eu\/consumers\/odr\/<\/a>.\r\nUnsere E-Mail-Adresse finden Sie oben im Impressum.\r\n<h5>Verbraucher\u00adstreit\u00adbeilegung\/Universal\u00adschlichtungs\u00adstelle<\/h5>\r\nWir sind nicht bereit oder verpflichtet, an Streitbeilegungsverfahren vor einer Verbraucherschlichtungsstelle teilzunehmen.","_et_gb_content_width":"","footnotes":""},"class_list":["post-91","page","type-page","status-publish","hentry"],"yoast_head":"<!-- This site is optimized with the Yoast SEO plugin v26.9 - https:\/\/yoast.com\/product\/yoast-seo-wordpress\/ -->\n<title>Impressum - Street Photography von La \u00dct<\/title>\n<meta name=\"robots\" content=\"index, follow, max-snippet:-1, max-image-preview:large, max-video-preview:-1\" \/>\n<link rel=\"canonical\" href=\"https:\/\/street-photography.berlin\/en\/impressum\/\" \/>\n<meta property=\"og:locale\" content=\"en_US\" \/>\n<meta property=\"og:type\" content=\"article\" \/>\n<meta property=\"og:title\" content=\"Impressum - Street Photography von La \u00dct\" \/>\n<meta property=\"og:url\" content=\"https:\/\/street-photography.berlin\/en\/impressum\/\" \/>\n<meta property=\"og:site_name\" content=\"Street Photography von La \u00dct\" \/>\n<meta property=\"article:modified_time\" content=\"2025-05-31T14:55:39+00:00\" \/>\n<meta name=\"twitter:card\" content=\"summary_large_image\" \/>\n<meta name=\"twitter:description\" content=\"[erecht24 type=&quot;imprint&quot; lang=&quot;de&quot; strip_title=&quot;false&quot;]\" \/>\n<meta name=\"twitter:label1\" content=\"Est. reading time\" \/>\n\t<meta name=\"twitter:data1\" content=\"1 minute\" \/>\n<script type=\"application\/ld+json\" class=\"yoast-schema-graph\">{\"@context\":\"https:\/\/schema.org\",\"@graph\":[{\"@type\":\"WebPage\",\"@id\":\"https:\/\/street-photography.berlin\/en\/impressum\/\",\"url\":\"https:\/\/street-photography.berlin\/en\/impressum\/\",\"name\":\"Impressum - Street Photography von La \u00dct\",\"isPartOf\":{\"@id\":\"https:\/\/street-photography.berlin\/en\/#website\"},\"datePublished\":\"2017-03-09T18:33:12+00:00\",\"dateModified\":\"2025-05-31T14:55:39+00:00\",\"breadcrumb\":{\"@id\":\"https:\/\/street-photography.berlin\/en\/impressum\/#breadcrumb\"},\"inLanguage\":\"en-US\",\"potentialAction\":[{\"@type\":\"ReadAction\",\"target\":[[\"https:\/\/street-photography.berlin\/en\/impressum\/\"]]}]},{\"@type\":\"BreadcrumbList\",\"@id\":\"https:\/\/street-photography.berlin\/en\/impressum\/#breadcrumb\",\"itemListElement\":[{\"@type\":\"ListItem\",\"position\":1,\"name\":\"Startseite\",\"item\":\"https:\/\/street-photography.berlin\/en\/\"},{\"@type\":\"ListItem\",\"position\":2,\"name\":\"Impressum\"}]},{\"@type\":\"WebSite\",\"@id\":\"https:\/\/street-photography.berlin\/en\/#website\",\"url\":\"https:\/\/street-photography.berlin\/en\/\",\"name\":\"Street Photography von La \u00dct\",\"description\":\"Ute Herzog &quot;La \u00dct&quot; Foto K\u00fcnstlerin\",\"potentialAction\":[{\"@type\":\"SearchAction\",\"target\":{\"@type\":\"EntryPoint\",\"urlTemplate\":\"https:\/\/street-photography.berlin\/en\/?s={search_term_string}\"},\"query-input\":{\"@type\":\"PropertyValueSpecification\",\"valueRequired\":true,\"valueName\":\"search_term_string\"}}],\"inLanguage\":\"en-US\"}]}<\/script>\n<!-- \/ Yoast SEO plugin. -->","yoast_head_json":{"title":"Impressum - Street Photography von La \u00dct","robots":{"index":"index","follow":"follow","max-snippet":"max-snippet:-1","max-image-preview":"max-image-preview:large","max-video-preview":"max-video-preview:-1"},"canonical":"https:\/\/street-photography.berlin\/en\/impressum\/","og_locale":"en_US","og_type":"article","og_title":"Impressum - Street Photography von La \u00dct","og_url":"https:\/\/street-photography.berlin\/en\/impressum\/","og_site_name":"Street Photography von La \u00dct","article_modified_time":"2025-05-31T14:55:39+00:00","twitter_card":"summary_large_image","twitter_description":"[erecht24 type=\"imprint\" lang=\"de\" strip_title=\"false\"]","twitter_misc":{"Est. reading time":"1 minute"},"schema":{"@context":"https:\/\/schema.org","@graph":[{"@type":"WebPage","@id":"https:\/\/street-photography.berlin\/en\/impressum\/","url":"https:\/\/street-photography.berlin\/en\/impressum\/","name":"Impressum - Street Photography von La \u00dct","isPartOf":{"@id":"https:\/\/street-photography.berlin\/en\/#website"},"datePublished":"2017-03-09T18:33:12+00:00","dateModified":"2025-05-31T14:55:39+00:00","breadcrumb":{"@id":"https:\/\/street-photography.berlin\/en\/impressum\/#breadcrumb"},"inLanguage":"en-US","potentialAction":[{"@type":"ReadAction","target":[["https:\/\/street-photography.berlin\/en\/impressum\/"]]}]},{"@type":"BreadcrumbList","@id":"https:\/\/street-photography.berlin\/en\/impressum\/#breadcrumb","itemListElement":[{"@type":"ListItem","position":1,"name":"Startseite","item":"https:\/\/street-photography.berlin\/en\/"},{"@type":"ListItem","position":2,"name":"Impressum"}]},{"@type":"WebSite","@id":"https:\/\/street-photography.berlin\/en\/#website","url":"https:\/\/street-photography.berlin\/en\/","name":"Street Photography von La \u00dct","description":"Ute Herzog &quot;La \u00dct&quot; Foto K\u00fcnstlerin","potentialAction":[{"@type":"SearchAction","target":{"@type":"EntryPoint","urlTemplate":"https:\/\/street-photography.berlin\/en\/?s={search_term_string}"},"query-input":{"@type":"PropertyValueSpecification","valueRequired":true,"valueName":"search_term_string"}}],"inLanguage":"en-US"}]}},"_links":{"self":[{"href":"https:\/\/street-photography.berlin\/en\/wp-json\/wp\/v2\/pages\/91","targetHints":{"allow":["GET"]}}],"collection":[{"href":"https:\/\/street-photography.berlin\/en\/wp-json\/wp\/v2\/pages"}],"about":[{"href":"https:\/\/street-photography.berlin\/en\/wp-json\/wp\/v2\/types\/page"}],"author":[{"embeddable":true,"href":"https:\/\/street-photography.berlin\/en\/wp-json\/wp\/v2\/users\/1"}],"replies":[{"embeddable":true,"href":"https:\/\/street-photography.berlin\/en\/wp-json\/wp\/v2\/comments?post=91"}],"version-history":[{"count":5,"href":"https:\/\/street-photography.berlin\/en\/wp-json\/wp\/v2\/pages\/91\/revisions"}],"predecessor-version":[{"id":1169,"href":"https:\/\/street-photography.berlin\/en\/wp-json\/wp\/v2\/pages\/91\/revisions\/1169"}],"wp:attachment":[{"href":"https:\/\/street-photography.berlin\/en\/wp-json\/wp\/v2\/media?parent=91"}],"curies":[{"name":"wp","href":"https:\/\/api.w.org\/{rel}","templated":true}]}}