{"id":597,"date":"2017-10-01T12:14:05","date_gmt":"2017-10-01T10:14:05","guid":{"rendered":"https:\/\/street-photography.berlin\/?page_id=597"},"modified":"2025-06-02T15:30:43","modified_gmt":"2025-06-02T13:30:43","slug":"fotogalerie","status":"publish","type":"page","link":"https:\/\/street-photography.berlin\/en\/","title":{"rendered":"Fotogalerie von La \u00dct"},"content":{"rendered":"<p>[et_pb_section fb_built=&#8221;1&#8243; custom_padding_last_edited=&#8221;on|desktop&#8221; _builder_version=&#8221;4.27.4&#8243; _module_preset=&#8221;default&#8221; background_color=&#8221;#000000&#8243; custom_padding=&#8221;||60px||false|false&#8221; custom_padding_tablet=&#8221;0px||0px||true|false&#8221; custom_padding_phone=&#8221;0px||0px||true|false&#8221; global_colors_info=&#8221;{}&#8221;][et_pb_row column_structure=&#8221;1_4,3_4&#8243; make_equal=&#8221;on&#8221; custom_padding_last_edited=&#8221;on|phone&#8221; _builder_version=&#8221;4.27.4&#8243; _module_preset=&#8221;default&#8221; width_tablet=&#8221;100%&#8221; width_phone=&#8221;100%&#8221; width_last_edited=&#8221;on|phone&#8221; custom_padding=&#8221;||80px||false|false&#8221; custom_padding_tablet=&#8221;0px||0px||true|false&#8221; custom_padding_phone=&#8221;0px||0px||true|false&#8221; global_colors_info=&#8221;{}&#8221;][et_pb_column type=&#8221;1_4&#8243; module_class=&#8221;content-vertical-align-bottom&#8221; _builder_version=&#8221;4.27.4&#8243; _module_preset=&#8221;default&#8221; positioning=&#8221;none&#8221; position_origin_f=&#8221;center_left&#8221; position_origin_r=&#8221;bottom_left&#8221; global_colors_info=&#8221;{}&#8221;][et_pb_image src=&#8221;https:\/\/street-photography.berlin\/wp-content\/uploads\/2025\/06\/without-the-love.png&#8221; alt=&#8221;Claim: without the love it&#8217;s just photography&#8221; title_text=&#8221;without the love it&#8217;s just photography&#8221; disabled_on=&#8221;on|on|off&#8221; _builder_version=&#8221;4.27.4&#8243; _module_preset=&#8221;default&#8221; position_origin_a_tablet=&#8221;top_left&#8221; position_origin_a_phone=&#8221;top_left&#8221; position_origin_a_last_edited=&#8221;on|tablet&#8221; position_origin_f_tablet=&#8221;&#8221; position_origin_f_phone=&#8221;&#8221; position_origin_f_last_edited=&#8221;on|tablet&#8221; position_origin_r_tablet=&#8221;&#8221; position_origin_r_phone=&#8221;&#8221; position_origin_r_last_edited=&#8221;on|tablet&#8221; width_tablet=&#8221;100%&#8221; width_phone=&#8221;100%&#8221; width_last_edited=&#8221;on|tablet&#8221; max_width_tablet=&#8221;150px&#8221; max_width_phone=&#8221;150px&#8221; max_width_last_edited=&#8221;on|tablet&#8221; custom_margin_tablet=&#8221;30px|||35px|false|false&#8221; custom_margin_phone=&#8221;30px|||35px|false|false&#8221; custom_margin_last_edited=&#8221;on|tablet&#8221; custom_padding_tablet=&#8221;||||false|false&#8221; custom_padding_phone=&#8221;||||false|false&#8221; custom_padding_last_edited=&#8221;on|tablet&#8221; positioning_tablet=&#8221;absolute&#8221; positioning_phone=&#8221;absolute&#8221; positioning_last_edited=&#8221;on|tablet&#8221; global_colors_info=&#8221;{}&#8221;][\/et_pb_image][\/et_pb_column][et_pb_column type=&#8221;3_4&#8243; _builder_version=&#8221;4.27.4&#8243; _module_preset=&#8221;default&#8221; global_colors_info=&#8221;{}&#8221;][et_pb_text content_tablet=&#8221;<\/p>\n<h1>La \u00dct<br \/>\nStreet Photography<br \/>\n&#038; mehr<\/h1>\n<p>&#8221; content_phone=&#8221;<\/p>\n<h1>La \u00dct<br \/>\nStreet Photography<br \/>\n &#038; mehr<\/h1>\n<p>&#8221; content_last_edited=&#8221;on|desktop&#8221; _builder_version=&#8221;4.27.4&#8243; _module_preset=&#8221;default&#8221; header_font=&#8221;|600|||||||&#8221; header_font_size=&#8221;3.2em&#8221; header_2_font_size=&#8221;2.5em&#8221; positioning=&#8221;absolute&#8221; vertical_offset=&#8221;25px&#8221; horizontal_offset=&#8221;35px&#8221; z_index=&#8221;100000&#8243; background_layout=&#8221;dark&#8221; width=&#8221;100%&#8221; header_font_size_tablet=&#8221;2.7em&#8221; header_font_size_phone=&#8221;1.7em&#8221; header_font_size_last_edited=&#8221;on|phone&#8221; header_text_shadow_style=&#8221;preset2&#8243; header_text_shadow_blur_strength=&#8221;0.4em&#8221; global_colors_info=&#8221;{}&#8221;]<\/p>\n<h1>La \u00dct<br \/>\nStreet Photography<br \/>\n&#038; mehr<\/h1>\n<p>[\/et_pb_text][et_pb_image src=&#8221;https:\/\/street-photography.berlin\/wp-content\/uploads\/2024\/07\/DSC08370_Bahnhof_Friedrichstr-2000.jpg&#8221; alt=&#8221;street photography La \u00dct Berlin Fiedrichstrasse&#8221; title_text=&#8221;street photography La \u00dct Berlin Fiedrichstrasse&#8221; _builder_version=&#8221;4.27.4&#8243; _module_preset=&#8221;default&#8221; global_colors_info=&#8221;{}&#8221;][\/et_pb_image][\/et_pb_column][\/et_pb_row][et_pb_row custom_padding_last_edited=&#8221;on|phone&#8221; disabled_on=&#8221;off|off|on&#8221; _builder_version=&#8221;4.27.4&#8243; _module_preset=&#8221;default&#8221; custom_padding=&#8221;||5px||false|false&#8221; custom_padding_tablet=&#8221;||15px||false|false&#8221; custom_padding_phone=&#8221;||5px||false|false&#8221; global_colors_info=&#8221;{}&#8221;][et_pb_column type=&#8221;4_4&#8243; _builder_version=&#8221;4.27.4&#8243; _module_preset=&#8221;default&#8221; global_colors_info=&#8221;{}&#8221;][et_pb_image src=&#8221;https:\/\/street-photography.berlin\/wp-content\/uploads\/2025\/06\/without-the-love.png&#8221; alt=&#8221;Claim: without the love it&#8217;s just photography&#8221; title_text=&#8221;without the love it&#8217;s just photography&#8221; disabled_on=&#8221;off|off|off&#8221; _builder_version=&#8221;4.27.4&#8243; _module_preset=&#8221;default&#8221; max_width=&#8221;20%&#8221; max_width_tablet=&#8221;20%&#8221; max_width_phone=&#8221;28%&#8221; max_width_last_edited=&#8221;on|desktop&#8221; module_alignment=&#8221;right&#8221; custom_margin=&#8221;||||false|false&#8221; custom_padding=&#8221;||8px||false|false&#8221; custom_padding_tablet=&#8221;||0px||false|false&#8221; custom_padding_phone=&#8221;||15px||false|false&#8221; custom_padding_last_edited=&#8221;on|tablet&#8221; global_colors_info=&#8221;{}&#8221;][\/et_pb_image][\/et_pb_column][\/et_pb_row][\/et_pb_section][et_pb_section fb_built=&#8221;1&#8243; disabled_on=&#8221;on|on|off&#8221; _builder_version=&#8221;4.27.4&#8243; _module_preset=&#8221;default&#8221; custom_padding=&#8221;||0px|||&#8221; global_colors_info=&#8221;{}&#8221;][et_pb_row column_structure=&#8221;1_2,1_4,1_4&#8243; use_custom_gutter=&#8221;on&#8221; gutter_width=&#8221;2&#8243; make_equal=&#8221;on&#8221; _builder_version=&#8221;4.27.2&#8243; _module_preset=&#8221;default&#8221; width=&#8221;94%&#8221; width_tablet=&#8221;80%&#8221; width_phone=&#8221;80%&#8221; width_last_edited=&#8221;on|desktop&#8221; max_width=&#8221;1400px&#8221; max_width_tablet=&#8221;80%&#8221; max_width_phone=&#8221;80%&#8221; max_width_last_edited=&#8221;on|desktop&#8221; module_alignment=&#8221;center&#8221; global_colors_info=&#8221;{}&#8221;][et_pb_column type=&#8221;1_2&#8243; _builder_version=&#8221;4.27.0&#8243; _module_preset=&#8221;default&#8221; custom_css_main_element=&#8221;margin: auto auto 0;&#8221; global_colors_info=&#8221;{}&#8221; custom_css_main_element_last_edited=&#8221;on|tablet&#8221; custom_css_main_element_tablet=&#8221;margin: 0;&#8221; custom_css_main_element_phone=&#8221;margin: 0;&#8221;][et_pb_image src=&#8221;https:\/\/street-photography.berlin\/wp-content\/uploads\/2024\/07\/La_Uet_street-photography-Berlin-1.jpg&#8221; alt=&#8221;La Uet street photography Berlin 1&#8243; title_text=&#8221;La Uet street photography Berlin 1&#8243; _builder_version=&#8221;4.27.2&#8243; _module_preset=&#8221;default&#8221; global_colors_info=&#8221;{}&#8221;][\/et_pb_image][\/et_pb_column][et_pb_column type=&#8221;1_4&#8243; _builder_version=&#8221;4.27.0&#8243; _module_preset=&#8221;default&#8221; custom_css_main_element=&#8221;margin: auto auto 0;&#8221; global_colors_info=&#8221;{}&#8221; custom_css_main_element_last_edited=&#8221;on|phone&#8221; custom_css_main_element_phone=&#8221;margin: 0;&#8221; custom_css_main_element_tablet=&#8221;margin: auto auto 0;&#8221;][et_pb_text _builder_version=&#8221;4.27.2&#8243; _module_preset=&#8221;default&#8221; header_font=&#8221;||||||||&#8221; header_2_font=&#8221;Poppins Medium lokal||||||||&#8221; custom_padding_tablet=&#8221;0vw||||false|false&#8221; custom_padding_phone=&#8221;0vw||||false|false&#8221; custom_padding_last_edited=&#8221;off|desktop&#8221; global_colors_info=&#8221;{}&#8221;]<\/p>\n<p>Sch\u00f6n, dass du hier bist!<br \/>Ich bin La \u00dct, Street Photographer mit einer Vorliebe f\u00fcr das Unbekannte. F\u00fcr mich ist Street Photography wie ein Abenteuer, ein Sprung ins Ungewisse, die Kamera in der Hand, bereit, das Leben so zu erfassen, wie es sich gerade vor meiner Linse abspielt. Ich wei\u00df nie, was mich hinter der n\u00e4chsten Ecke erwartet, und genau das ist der Kick daran. Kann s\u00fcchtig machen&#8230; \ud83d\ude09<\/p>\n<p>[\/et_pb_text][et_pb_text _builder_version=&#8221;4.27.2&#8243; _module_preset=&#8221;default&#8221; header_font=&#8221;||||||||&#8221; header_2_font=&#8221;Poppins Medium lokal||||||||&#8221; custom_padding_tablet=&#8221;0vw||||false|false&#8221; custom_padding_phone=&#8221;0vw||||false|false&#8221; custom_padding_last_edited=&#8221;off|desktop&#8221; global_colors_info=&#8221;{}&#8221;]<\/p>\n<h2>Collecting Moments, not Things<\/h2>\n<p>Street Photography ist f\u00fcr mich quasi Meditation in Bewegung. Die st\u00e4ndige Pr\u00e4senz, aufmerksam, achtsam und neugierig zu sein auf die kleinen, fl\u00fcchtigen Szenen des Alltags.[\/et_pb_text][\/et_pb_column][et_pb_column type=&#8221;1_4&#8243; _builder_version=&#8221;4.27.0&#8243; _module_preset=&#8221;default&#8221; custom_css_main_element=&#8221;margin: auto auto 0;&#8221; global_colors_info=&#8221;{}&#8221;][et_pb_text _builder_version=&#8221;4.27.2&#8243; _module_preset=&#8221;default&#8221; global_colors_info=&#8221;{}&#8221;] Diese Momente, die mich zum Schmunzeln, Staunen oder Nachdenken bringen k\u00f6nnen, sind die, in denen ich mich besonders lebendig f\u00fchle. Nicht Dinge sammeln, sondern Momente \u2013 Das ist es, was mich antreibt.[\/et_pb_text][et_pb_text _builder_version=&#8221;4.27.0&#8243; _module_preset=&#8221;default&#8221; global_colors_info=&#8221;{}&#8221;]<\/p>\n<h2>Get inspired!<\/h2>\n<p>Ich lade dich ein, mit mir auf eine Entdeckungsreise zu gehen, die Stra\u00dfen zu erkunden und die Geschichten zu erleben, die sich in meinen Bildern widerspiegeln. Lass uns gemeinsam <em>&#8220;into the unknown steppen&#8221;<\/em>, wer wei\u00df, welche Momente uns auf dieser visuellen Reise begegnen. Lehne dich zur\u00fcck und genie\u00dfe den Blick auf das, was das Leben uns zu entdecken schenkt!<\/p>\n<p>[\/et_pb_text][\/et_pb_column][\/et_pb_row][\/et_pb_section][et_pb_section fb_built=&#8221;1&#8243; _builder_version=&#8221;4.27.0&#8243; _module_preset=&#8221;default&#8221; custom_padding=&#8221;||0px|||&#8221; global_colors_info=&#8221;{}&#8221;][et_pb_row column_structure=&#8221;1_2,1_2&#8243; use_custom_gutter=&#8221;on&#8221; gutter_width=&#8221;2&#8243; make_equal=&#8221;on&#8221; disabled_on=&#8221;off|off|on&#8221; _builder_version=&#8221;4.27.4&#8243; _module_preset=&#8221;default&#8221; width=&#8221;94%&#8221; width_tablet=&#8221;80%&#8221; width_phone=&#8221;80%&#8221; width_last_edited=&#8221;on|tablet&#8221; max_width=&#8221;94%&#8221; max_width_tablet=&#8221;93%&#8221; max_width_phone=&#8221;80%&#8221; max_width_last_edited=&#8221;on|desktop&#8221; module_alignment=&#8221;center&#8221; custom_padding=&#8221;||60px|||&#8221; global_colors_info=&#8221;{}&#8221;][et_pb_column type=&#8221;1_2&#8243; _builder_version=&#8221;4.27.0&#8243; _module_preset=&#8221;default&#8221; global_colors_info=&#8221;{}&#8221; custom_css_main_element_last_edited=&#8221;off|phone&#8221; custom_css_main_element_phone=&#8221;margin: 0;&#8221;][et_pb_text _builder_version=&#8221;4.27.4&#8243; _module_preset=&#8221;default&#8221; header_font=&#8221;|600|||||||&#8221; header_text_align=&#8221;center&#8221; header_font_size=&#8221;45px&#8221; global_colors_info=&#8221;{}&#8221;]<\/p>\n<h1 style=\"text-align: left;\">Street Photography<\/h1>\n<p>[\/et_pb_text][et_pb_image src=&#8221;https:\/\/street-photography.berlin\/wp-content\/uploads\/2024\/07\/La_Uet_street-photography-Berlin-1.jpg&#8221; alt=&#8221;La Uet street photography Berlin 1&#8243; title_text=&#8221;La Uet street photography Berlin 1&#8243; _builder_version=&#8221;4.27.4&#8243; _module_preset=&#8221;default&#8221; max_width_tablet=&#8221;350px&#8221; max_width_phone=&#8221;350px&#8221; max_width_last_edited=&#8221;on|phone&#8221; module_alignment=&#8221;center&#8221; module_alignment_tablet=&#8221;left&#8221; module_alignment_phone=&#8221;center&#8221; module_alignment_last_edited=&#8221;on|tablet&#8221; global_colors_info=&#8221;{}&#8221;][\/et_pb_image][\/et_pb_column][et_pb_column type=&#8221;1_2&#8243; _builder_version=&#8221;4.27.0&#8243; _module_preset=&#8221;default&#8221; global_colors_info=&#8221;{}&#8221; custom_css_main_element_last_edited=&#8221;off|desktop&#8221; custom_css_main_element_phone=&#8221;margin: 0;&#8221; custom_css_main_element_tablet=&#8221;margin: auto auto 0;&#8221;][et_pb_text _builder_version=&#8221;4.27.0&#8243; _module_preset=&#8221;default&#8221; header_font=&#8221;||||||||&#8221; header_2_font=&#8221;Poppins Medium lokal||||||||&#8221; custom_padding_tablet=&#8221;0vw||||false|false&#8221; custom_padding_phone=&#8221;0vw||||false|false&#8221; custom_padding_last_edited=&#8221;off|desktop&#8221; global_colors_info=&#8221;{}&#8221;]<\/p>\n<h2>Stepping into the Unknown&#8230;<\/h2>\n<p>Hey, sch\u00f6n, dass du hier bist!<br \/>Ich bin La \u00dct, Street Photographer mit einer Vorliebe f\u00fcr das Unbekannte. F\u00fcr mich ist Street Photography wie ein Abenteuer, ein Sprung ins Ungewisse, die Kamera in der Hand, bereit, das Leben so zu erfassen, wie es sich gerade vor meiner Linse abspielt. Ich wei\u00df nie, was mich hinter der n\u00e4chsten Ecke erwartet, und genau das ist der Kick daran. Kann s\u00fcchtig machen&#8230; \ud83d\ude09<\/p>\n<h2>Collecting Moments, not Things<\/h2>\n<p>Street Photography ist f\u00fcr mich quasi Meditation in Bewegung. Die st\u00e4ndige Pr\u00e4senz, aufmerksam, achtsam und neugierig zu sein auf die kleinen, fl\u00fcchtigen Szenen des Alltags. Diese Momente, die mich zum Schmunzeln, Staunen oder Nachdenken bringen k\u00f6nnen, sind die, in denen ich mich besonders lebendig f\u00fchle. Nicht Dinge sammeln, sondern Momente \u2013 Das ist es, was mich antreibt.<\/p>\n<h2>Get inspired!<\/h2>\n<p>Ich lade dich ein, mit mir auf eine Entdeckungsreise zu gehen, die Stra\u00dfen zu erkunden und die Geschichten zu erleben, die sich in meinen Bildern widerspiegeln. Lass uns gemeinsam <em>&#8220;into the unknown steppen&#8221;<\/em>, wer wei\u00df, welche Momente uns auf dieser visuellen Reise begegnen. Lehne dich zur\u00fcck und genie\u00dfe den Blick auf das, was das Leben uns zu entdecken schenkt!<\/p>\n<p>[\/et_pb_text][\/et_pb_column][\/et_pb_row][\/et_pb_section][et_pb_section fb_built=&#8221;1&#8243; custom_padding_last_edited=&#8221;on|phone&#8221; _builder_version=&#8221;4.27.4&#8243; background_color=&#8221;#000000&#8243; custom_padding=&#8221;0px|||||&#8221; custom_padding_tablet=&#8221;35px|||||&#8221; custom_padding_phone=&#8221;0px||||false|false&#8221; global_module=&#8221;839&#8243; global_colors_info=&#8221;{}&#8221;][et_pb_row use_custom_gutter=&#8221;on&#8221; gutter_width=&#8221;1&#8243; make_equal=&#8221;on&#8221; module_class=&#8221; et_pb_row_fullwidth et_pb_row_fullwidth et_pb_row_fullwidth et_pb_row_fullwidth et_pb_row_fullwidth et_pb_row_fullwidth et_pb_row_fullwidth et_pb_row_fullwidth et_pb_row_fullwidth&#8221; _builder_version=&#8221;4.27.4&#8243; width=&#8221;94%&#8221; width_tablet=&#8221;93%&#8221; width_phone=&#8221;80%&#8221; width_last_edited=&#8221;on|tablet&#8221; max_width=&#8221;1400px&#8221; max_width_tablet=&#8221;93%&#8221; max_width_phone=&#8221;80%&#8221; max_width_last_edited=&#8221;on|desktop&#8221; module_alignment=&#8221;center&#8221; custom_margin=&#8221;|||&#8221; hover_enabled=&#8221;0&#8243; border_width_all=&#8221;0px&#8221; make_fullwidth=&#8221;on&#8221; global_colors_info=&#8221;{}&#8221; button_one_text_size__hover_enabled=&#8221;off&#8221; button_one_text_size__hover=&#8221;null&#8221; button_two_text_size__hover_enabled=&#8221;off&#8221; button_two_text_size__hover=&#8221;null&#8221; button_one_text_color__hover_enabled=&#8221;off&#8221; button_one_text_color__hover=&#8221;null&#8221; button_two_text_color__hover_enabled=&#8221;off&#8221; button_two_text_color__hover=&#8221;null&#8221; button_one_border_width__hover_enabled=&#8221;off&#8221; button_one_border_width__hover=&#8221;null&#8221; button_two_border_width__hover_enabled=&#8221;off&#8221; button_two_border_width__hover=&#8221;null&#8221; button_one_border_color__hover_enabled=&#8221;off&#8221; button_one_border_color__hover=&#8221;null&#8221; button_two_border_color__hover_enabled=&#8221;off&#8221; button_two_border_color__hover=&#8221;null&#8221; button_one_border_radius__hover_enabled=&#8221;off&#8221; button_one_border_radius__hover=&#8221;null&#8221; button_two_border_radius__hover_enabled=&#8221;off&#8221; button_two_border_radius__hover=&#8221;null&#8221; button_one_letter_spacing__hover_enabled=&#8221;on&#8221; button_two_letter_spacing__hover_enabled=&#8221;on&#8221; button_one_bg_color__hover_enabled=&#8221;off&#8221; button_one_bg_color__hover=&#8221;null&#8221; button_two_bg_color__hover_enabled=&#8221;off&#8221; button_two_bg_color__hover=&#8221;null&#8221; custom_padding=&#8221;70px||70px||true|false&#8221; sticky_enabled=&#8221;0&#8243;][et_pb_column type=&#8221;4_4&#8243; _builder_version=&#8221;4.16&#8243; custom_padding=&#8221;|||&#8221; global_colors_info=&#8221;{}&#8221; custom_padding__hover=&#8221;|||&#8221;][et_pb_gallery gallery_ids=&#8221;847,848,831,837,832,820,513,834,479,478,477,476,464,454,438,439,453,452,441,425,424,413,339,298,267,268,264,263,252,248,247,246,245,231,225,221,129,127,126,123,120,117,116,111,427,886,390,440,446,884,891,389,388,271,833,448,434,399,412,423,408,401,396,395,394&#8243; posts_number=&#8221;12&#8243; show_title_and_caption=&#8221;off&#8221; zoom_icon_color=&#8221;rgba(158,115,0,0.8)&#8221; hover_overlay_color=&#8221;rgba(255,255,255,0.5)&#8221; hover_icon=&#8221;&#x54;||divi||400&#8243; _builder_version=&#8221;4.27.2&#8243; pagination_font=&#8221;|on|||&#8221; pagination_text_align=&#8221;center&#8221; pagination_line_height=&#8221;2em&#8221; text_orientation=&#8221;left&#8221; custom_margin=&#8221;|||&#8221; pagination_font_size_tablet=&#8221;51&#8243; z_index_tablet=&#8221;500&#8243; title_text_shadow_horizontal_length_tablet=&#8221;0px&#8221; title_text_shadow_vertical_length_tablet=&#8221;0px&#8221; title_text_shadow_blur_strength_tablet=&#8221;1px&#8221; caption_text_shadow_horizontal_length_tablet=&#8221;0px&#8221; caption_text_shadow_vertical_length_tablet=&#8221;0px&#8221; caption_text_shadow_blur_strength_tablet=&#8221;1px&#8221; pagination_text_shadow_horizontal_length_tablet=&#8221;0px&#8221; pagination_text_shadow_vertical_length_tablet=&#8221;0px&#8221; pagination_text_shadow_blur_strength_tablet=&#8221;1px&#8221; border_width_all=&#8221;8px&#8221; border_color_all=&#8221;RGBA(255,255,255,0)&#8221; border_width_all_tablet=&#8221;&#8221; border_width_all_phone=&#8221;4px&#8221; border_width_all_last_edited=&#8221;on|phone&#8221; box_shadow_horizontal_tablet=&#8221;0px&#8221; box_shadow_vertical_tablet=&#8221;0px&#8221; box_shadow_blur_tablet=&#8221;40px&#8221; box_shadow_spread_tablet=&#8221;0px&#8221; box_shadow_horizontal_image_tablet=&#8221;0px&#8221; box_shadow_vertical_image_tablet=&#8221;0px&#8221; box_shadow_blur_image_tablet=&#8221;40px&#8221; box_shadow_spread_image_tablet=&#8221;0px&#8221; text_shadow_horizontal_length_tablet=&#8221;0px&#8221; text_shadow_vertical_length_tablet=&#8221;0px&#8221; text_shadow_blur_strength_tablet=&#8221;1px&#8221; border_style=&#8221;solid&#8221; global_colors_info=&#8221;{}&#8221;][\/et_pb_gallery][\/et_pb_column][\/et_pb_row][\/et_pb_section]<\/p>\n","protected":false},"excerpt":{"rendered":"<p>La \u00dct Street Photography &#038; mehrSch\u00f6n, dass du hier bist!Ich bin La \u00dct, Street Photographer mit einer Vorliebe f\u00fcr das Unbekannte. F\u00fcr mich ist Street Photography wie ein Abenteuer, ein Sprung ins Ungewisse, die Kamera in der Hand, bereit, das Leben so zu erfassen, wie es sich gerade vor meiner Linse abspielt. Ich wei\u00df nie, [&hellip;]<\/p>\n","protected":false},"author":1,"featured_media":0,"parent":0,"menu_order":0,"comment_status":"closed","ping_status":"closed","template":"","meta":{"_et_pb_use_builder":"on","_et_pb_old_content":"","_et_gb_content_width":"","footnotes":""},"class_list":["post-597","page","type-page","status-publish","hentry"],"yoast_head":"<!-- This site is optimized with the Yoast SEO plugin v26.9 - https:\/\/yoast.com\/product\/yoast-seo-wordpress\/ -->\n<title>Fotogalerie von La \u00dct - Street Photography von La \u00dct<\/title>\n<meta name=\"description\" content=\"(Deutsch) Die offizielle Website von La \u00dct, street photography aus Berlin, Hamburg, Leipzig, Trier, Paris, Prag, Basel, Br\u00fcgge, Gent, und viele weitere.\" \/>\n<meta name=\"robots\" content=\"index, follow, max-snippet:-1, max-image-preview:large, max-video-preview:-1\" \/>\n<link rel=\"canonical\" href=\"https:\/\/street-photography.berlin\/en\/\" \/>\n<meta property=\"og:locale\" content=\"en_US\" \/>\n<meta property=\"og:type\" content=\"article\" \/>\n<meta property=\"og:title\" content=\"Fotogalerie von La \u00dct - Street Photography von La \u00dct\" \/>\n<meta property=\"og:description\" content=\"(Deutsch) Die offizielle Website von La \u00dct, street photography aus Berlin, Hamburg, Leipzig, Trier, Paris, Prag, Basel, Br\u00fcgge, Gent, und viele weitere.\" \/>\n<meta property=\"og:url\" content=\"https:\/\/street-photography.berlin\/en\/\" \/>\n<meta property=\"og:site_name\" content=\"Street Photography von La \u00dct\" \/>\n<meta property=\"article:modified_time\" content=\"2025-06-02T13:30:43+00:00\" \/>\n<meta name=\"twitter:card\" content=\"summary_large_image\" \/>\n<meta name=\"twitter:label1\" content=\"Est. reading time\" \/>\n\t<meta name=\"twitter:data1\" content=\"16 minutes\" \/>\n<script type=\"application\/ld+json\" class=\"yoast-schema-graph\">{\"@context\":\"https:\/\/schema.org\",\"@graph\":[{\"@type\":\"WebPage\",\"@id\":\"https:\/\/street-photography.berlin\/en\/\",\"url\":\"https:\/\/street-photography.berlin\/en\/\",\"name\":\"Fotogalerie von La \u00dct - Street Photography von La \u00dct\",\"isPartOf\":{\"@id\":\"https:\/\/street-photography.berlin\/en\/#website\"},\"datePublished\":\"2017-10-01T10:14:05+00:00\",\"dateModified\":\"2025-06-02T13:30:43+00:00\",\"description\":\"(Deutsch) Die offizielle Website von La \u00dct, street photography aus Berlin, Hamburg, Leipzig, Trier, Paris, Prag, Basel, Br\u00fcgge, Gent, und viele weitere.\",\"breadcrumb\":{\"@id\":\"https:\/\/street-photography.berlin\/en\/#breadcrumb\"},\"inLanguage\":\"en-US\",\"potentialAction\":[{\"@type\":\"ReadAction\",\"target\":[[\"https:\/\/street-photography.berlin\/en\/\"]]}]},{\"@type\":\"BreadcrumbList\",\"@id\":\"https:\/\/street-photography.berlin\/en\/#breadcrumb\",\"itemListElement\":[{\"@type\":\"ListItem\",\"position\":1,\"name\":\"Startseite\",\"item\":\"https:\/\/street-photography.berlin\/en\/\"},{\"@type\":\"ListItem\",\"position\":2,\"name\":\"Fotogalerie von La \u00dct\"}]},{\"@type\":\"WebSite\",\"@id\":\"https:\/\/street-photography.berlin\/en\/#website\",\"url\":\"https:\/\/street-photography.berlin\/en\/\",\"name\":\"Street Photography von La \u00dct\",\"description\":\"Ute Herzog &quot;La \u00dct&quot; Foto K\u00fcnstlerin\",\"potentialAction\":[{\"@type\":\"SearchAction\",\"target\":{\"@type\":\"EntryPoint\",\"urlTemplate\":\"https:\/\/street-photography.berlin\/en\/?s={search_term_string}\"},\"query-input\":{\"@type\":\"PropertyValueSpecification\",\"valueRequired\":true,\"valueName\":\"search_term_string\"}}],\"inLanguage\":\"en-US\"}]}<\/script>\n<!-- \/ Yoast SEO plugin. -->","yoast_head_json":{"title":"Fotogalerie von La \u00dct - Street Photography von La \u00dct","description":"(Deutsch) Die offizielle Website von La \u00dct, street photography aus Berlin, Hamburg, Leipzig, Trier, Paris, Prag, Basel, Br\u00fcgge, Gent, und viele weitere.","robots":{"index":"index","follow":"follow","max-snippet":"max-snippet:-1","max-image-preview":"max-image-preview:large","max-video-preview":"max-video-preview:-1"},"canonical":"https:\/\/street-photography.berlin\/en\/","og_locale":"en_US","og_type":"article","og_title":"Fotogalerie von La \u00dct - Street Photography von La \u00dct","og_description":"(Deutsch) Die offizielle Website von La \u00dct, street photography aus Berlin, Hamburg, Leipzig, Trier, Paris, Prag, Basel, Br\u00fcgge, Gent, und viele weitere.","og_url":"https:\/\/street-photography.berlin\/en\/","og_site_name":"Street Photography von La \u00dct","article_modified_time":"2025-06-02T13:30:43+00:00","twitter_card":"summary_large_image","twitter_misc":{"Est. reading time":"16 minutes"},"schema":{"@context":"https:\/\/schema.org","@graph":[{"@type":"WebPage","@id":"https:\/\/street-photography.berlin\/en\/","url":"https:\/\/street-photography.berlin\/en\/","name":"Fotogalerie von La \u00dct - Street Photography von La \u00dct","isPartOf":{"@id":"https:\/\/street-photography.berlin\/en\/#website"},"datePublished":"2017-10-01T10:14:05+00:00","dateModified":"2025-06-02T13:30:43+00:00","description":"(Deutsch) Die offizielle Website von La \u00dct, street photography aus Berlin, Hamburg, Leipzig, Trier, Paris, Prag, Basel, Br\u00fcgge, Gent, und viele weitere.","breadcrumb":{"@id":"https:\/\/street-photography.berlin\/en\/#breadcrumb"},"inLanguage":"en-US","potentialAction":[{"@type":"ReadAction","target":[["https:\/\/street-photography.berlin\/en\/"]]}]},{"@type":"BreadcrumbList","@id":"https:\/\/street-photography.berlin\/en\/#breadcrumb","itemListElement":[{"@type":"ListItem","position":1,"name":"Startseite","item":"https:\/\/street-photography.berlin\/en\/"},{"@type":"ListItem","position":2,"name":"Fotogalerie von La \u00dct"}]},{"@type":"WebSite","@id":"https:\/\/street-photography.berlin\/en\/#website","url":"https:\/\/street-photography.berlin\/en\/","name":"Street Photography von La \u00dct","description":"Ute Herzog &quot;La \u00dct&quot; Foto K\u00fcnstlerin","potentialAction":[{"@type":"SearchAction","target":{"@type":"EntryPoint","urlTemplate":"https:\/\/street-photography.berlin\/en\/?s={search_term_string}"},"query-input":{"@type":"PropertyValueSpecification","valueRequired":true,"valueName":"search_term_string"}}],"inLanguage":"en-US"}]}},"_links":{"self":[{"href":"https:\/\/street-photography.berlin\/en\/wp-json\/wp\/v2\/pages\/597","targetHints":{"allow":["GET"]}}],"collection":[{"href":"https:\/\/street-photography.berlin\/en\/wp-json\/wp\/v2\/pages"}],"about":[{"href":"https:\/\/street-photography.berlin\/en\/wp-json\/wp\/v2\/types\/page"}],"author":[{"embeddable":true,"href":"https:\/\/street-photography.berlin\/en\/wp-json\/wp\/v2\/users\/1"}],"replies":[{"embeddable":true,"href":"https:\/\/street-photography.berlin\/en\/wp-json\/wp\/v2\/comments?post=597"}],"version-history":[{"count":58,"href":"https:\/\/street-photography.berlin\/en\/wp-json\/wp\/v2\/pages\/597\/revisions"}],"predecessor-version":[{"id":1227,"href":"https:\/\/street-photography.berlin\/en\/wp-json\/wp\/v2\/pages\/597\/revisions\/1227"}],"wp:attachment":[{"href":"https:\/\/street-photography.berlin\/en\/wp-json\/wp\/v2\/media?parent=597"}],"curies":[{"name":"wp","href":"https:\/\/api.w.org\/{rel}","templated":true}]}}